{"id":2,"date":"2014-09-27T22:12:58","date_gmt":"2014-09-27T22:12:58","guid":{"rendered":"http:\/\/verzaell.uss.koeln\/wordpress\/?page_id=2"},"modified":"2019-03-29T10:04:52","modified_gmt":"2019-03-29T09:04:52","slug":"sample-page","status":"publish","type":"page","link":"https:\/\/verzaell.uss.koeln\/","title":{"rendered":"Verz\u00e4ll uss K\u00f6ln"},"content":{"rendered":"<p><strong>Verz\u00e4ll<\/strong>: \u00a0eine kurze Geschichte, Erz\u00e4hlung oder Schwank aus dem Leben. Gerne auch als Antwort genommen, um einen Redeschwall zu unterbrechen: &#8222;Verz\u00e4ll doch nix&#8220; oder auch &#8222;Mach keine Verz\u00e4ll&#8220;.<\/p>\n<p><a href=\"https:\/\/verzaell.uss.koeln\/wp-login.php\">Hier<\/a> kann man sich einloggen; Neue Accounts k\u00f6nnnen sich unter &#8222;register&#8220; anmelden.<\/p>\n<h4>Dazu: Verweis auf <a href=\"https:\/\/verzaell.uss.koeln\/?page_id=79\"><em>Datenschutz<\/em><\/a><\/h4>\n\n\n<p><\/p>\n","protected":false},"excerpt":{"rendered":"<p>Verz\u00e4ll: \u00a0eine kurze Geschichte, Erz\u00e4hlung oder Schwank aus dem Leben. Gerne auch als Antwort genommen, um einen Redeschwall zu unterbrechen: &#8222;Verz\u00e4ll doch nix&#8220; oder auch &#8222;Mach keine Verz\u00e4ll&#8220;. Hier kann man sich einloggen; Neue Accounts k\u00f6nnnen sich unter &#8222;register&#8220; anmelden. &hellip; <a href=\"https:\/\/verzaell.uss.koeln\/\">Weiterlesen <span class=\"meta-nav\">&rarr;<\/span><\/a><\/p>\n","protected":false},"author":1,"featured_media":0,"parent":0,"menu_order":0,"comment_status":"open","ping_status":"open","template":"","meta":{"footnotes":""},"class_list":["post-2","page","type-page","status-publish","hentry"],"_links":{"self":[{"href":"https:\/\/verzaell.uss.koeln\/index.php?rest_route=\/wp\/v2\/pages\/2","targetHints":{"allow":["GET"]}}],"collection":[{"href":"https:\/\/verzaell.uss.koeln\/index.php?rest_route=\/wp\/v2\/pages"}],"about":[{"href":"https:\/\/verzaell.uss.koeln\/index.php?rest_route=\/wp\/v2\/types\/page"}],"author":[{"embeddable":true,"href":"https:\/\/verzaell.uss.koeln\/index.php?rest_route=\/wp\/v2\/users\/1"}],"replies":[{"embeddable":true,"href":"https:\/\/verzaell.uss.koeln\/index.php?rest_route=%2Fwp%2Fv2%2Fcomments&post=2"}],"version-history":[{"count":12,"href":"https:\/\/verzaell.uss.koeln\/index.php?rest_route=\/wp\/v2\/pages\/2\/revisions"}],"predecessor-version":[{"id":89,"href":"https:\/\/verzaell.uss.koeln\/index.php?rest_route=\/wp\/v2\/pages\/2\/revisions\/89"}],"wp:attachment":[{"href":"https:\/\/verzaell.uss.koeln\/index.php?rest_route=%2Fwp%2Fv2%2Fmedia&parent=2"}],"curies":[{"name":"wp","href":"https:\/\/api.w.org\/{rel}","templated":true}]}}